{"id":5181,"date":"2022-01-03T13:47:57","date_gmt":"2022-01-03T12:47:57","guid":{"rendered":"https:\/\/statramscoruna.wpengine.com\/?page_id=5181"},"modified":"2023-06-20T11:43:05","modified_gmt":"2023-06-20T09:43:05","slug":"sustainability","status":"publish","type":"page","link":"https:\/\/staging.tranviascoruna.com\/en\/sustainability\/","title":{"rendered":"Sustainability"},"content":{"rendered":"\t\t<div data-elementor-type=\"wp-page\" data-elementor-id=\"5181\" class=\"elementor elementor-5181 elementor-4630\" data-elementor-post-type=\"page\">\n\t\t\t\t\t\t<section class=\"elementor-section elementor-top-section elementor-element elementor-element-3eb97ad elementor-section-boxed elementor-section-height-default elementor-section-height-default\" data-id=\"3eb97ad\" data-element_type=\"section\" data-e-type=\"section\">\n\t\t\t\t\t\t<div class=\"elementor-container elementor-column-gap-default\">\n\t\t\t\t\t<div class=\"elementor-column elementor-col-100 elementor-top-column elementor-element elementor-element-3df9032\" data-id=\"3df9032\" data-element_type=\"column\" data-e-type=\"column\">\n\t\t\t<div class=\"elementor-widget-wrap elementor-element-populated\">\n\t\t\t\t\t\t<div class=\"elementor-element elementor-element-1a54463 elementor-widget elementor-widget-heading\" data-id=\"1a54463\" data-element_type=\"widget\" data-e-type=\"widget\" data-widget_type=\"heading.default\">\n\t\t\t\t<div class=\"elementor-widget-container\">\n\t\t\t\t\t<p class=\"elementor-heading-title elementor-size-default\">Sustainability<\/p>\t\t\t\t<\/div>\n\t\t\t\t<\/div>\n\t\t\t\t<div class=\"elementor-element elementor-element-eb0f879 elementor-widget elementor-widget-heading\" data-id=\"eb0f879\" data-element_type=\"widget\" data-e-type=\"widget\" data-widget_type=\"heading.default\">\n\t\t\t\t<div class=\"elementor-widget-container\">\n\t\t\t\t\t<h2 class=\"elementor-heading-title elementor-size-default\">Respect for the environment<\/h2>\t\t\t\t<\/div>\n\t\t\t\t<\/div>\n\t\t\t\t<div class=\"elementor-element elementor-element-048ee9e elementor-widget elementor-widget-text-editor\" data-id=\"048ee9e\" data-element_type=\"widget\" data-e-type=\"widget\" data-widget_type=\"text-editor.default\">\n\t\t\t\t<div class=\"elementor-widget-container\">\n\t\t\t\t\t\t\t\t\t<p>Our activity is based on a philosophy that includes care for the environment, sustainable mobility and the application of universal accessibility systems in our entire fleet.<\/p>\t\t\t\t\t\t\t\t<\/div>\n\t\t\t\t<\/div>\n\t\t\t\t\t<\/div>\n\t\t<\/div>\n\t\t\t\t\t<\/div>\n\t\t<\/section>\n\t\t\t\t<section class=\"elementor-section elementor-top-section elementor-element elementor-element-80cda96 elementor-reverse-mobile elementor-reverse-tablet elementor-section-boxed elementor-section-height-default elementor-section-height-default\" data-id=\"80cda96\" data-element_type=\"section\" data-e-type=\"section\">\n\t\t\t\t\t\t<div class=\"elementor-container elementor-column-gap-wider\">\n\t\t\t\t\t<div class=\"elementor-column elementor-col-50 elementor-top-column elementor-element elementor-element-ee20e6f\" data-id=\"ee20e6f\" data-element_type=\"column\" data-e-type=\"column\">\n\t\t\t<div class=\"elementor-widget-wrap elementor-element-populated\">\n\t\t\t\t\t\t<div class=\"elementor-element elementor-element-709f3c3 elementor-widget elementor-widget-heading\" data-id=\"709f3c3\" data-element_type=\"widget\" data-e-type=\"widget\" data-widget_type=\"heading.default\">\n\t\t\t\t<div class=\"elementor-widget-container\">\n\t\t\t\t\t<p class=\"elementor-heading-title elementor-size-default\">Sustainability<\/p>\t\t\t\t<\/div>\n\t\t\t\t<\/div>\n\t\t\t\t<div class=\"elementor-element elementor-element-b6574da elementor-widget__width-initial elementor-widget elementor-widget-text-editor\" data-id=\"b6574da\" data-element_type=\"widget\" data-e-type=\"widget\" data-widget_type=\"text-editor.default\">\n\t\t\t\t<div class=\"elementor-widget-container\">\n\t\t\t\t\t\t\t\t\t<p>We are fully aware of the importance of the environment for our future, and are therefore committed to providing services based on values that include respect and conservation. In this sense, we have acquired a series of undertakings for environmental management. These include the organisation\u2019s Environmental Policy, which provides the guidelines for a Management System based on ISO 14001:2015 standards and the EMAS Regulation.<\/p>\n<p>Key objectives of our environmental management strategy includes reducing energy consumption, optimising consumption, reducing and recovering waste in order to drive the circular economy, as well as cutting emissions. We are therefore exploring the use of less contaminating vehicles, testing hybrid, 100% electric and hydrogen-powered buses.<\/p>\t\t\t\t\t\t\t\t<\/div>\n\t\t\t\t<\/div>\n\t\t\t\t\t<\/div>\n\t\t<\/div>\n\t\t\t\t<div class=\"elementor-column elementor-col-50 elementor-top-column elementor-element elementor-element-103f998\" data-id=\"103f998\" data-element_type=\"column\" data-e-type=\"column\">\n\t\t\t<div class=\"elementor-widget-wrap elementor-element-populated\">\n\t\t\t\t\t\t<div class=\"elementor-element elementor-element-e72eab0 elementor-widget elementor-widget-image\" data-id=\"e72eab0\" data-element_type=\"widget\" data-e-type=\"widget\" data-widget_type=\"image.default\">\n\t\t\t\t<div class=\"elementor-widget-container\">\n\t\t\t\t\t\t\t\t\t\t\t\t\t\t\t<img fetchpriority=\"high\" decoding=\"async\" width=\"565\" height=\"532\" src=\"https:\/\/staging.tranviascoruna.com\/wp-content\/uploads\/2021\/12\/IMG_2390_edit-min.jpg\" class=\"attachment-full size-full wp-image-4937\" alt=\"\" srcset=\"https:\/\/staging.tranviascoruna.com\/wp-content\/uploads\/2021\/12\/IMG_2390_edit-min.jpg 565w, https:\/\/staging.tranviascoruna.com\/wp-content\/uploads\/2021\/12\/IMG_2390_edit-min-300x282.jpg 300w\" sizes=\"(max-width: 565px) 100vw, 565px\" \/>\t\t\t\t\t\t\t\t\t\t\t\t\t\t\t<\/div>\n\t\t\t\t<\/div>\n\t\t\t\t\t<\/div>\n\t\t<\/div>\n\t\t\t\t\t<\/div>\n\t\t<\/section>\n\t\t\t\t<\/div>\n\t\t","protected":false},"excerpt":{"rendered":"<p>Sustainability Respect for the environment Our activity is based on a philosophy that includes care for the environment, sustainable mobility and the application of universal accessibility systems in our entire fleet. Sustainability We are fully aware of the importance of the environment for our future, and are therefore committed to providing services based on values&hellip;<\/p>\n","protected":false},"author":8,"featured_media":0,"parent":0,"menu_order":0,"comment_status":"closed","ping_status":"closed","template":"elementor_header_footer","meta":{"_acf_changed":false,"footnotes":"","_wpscp_schedule_draft_date":"","_wpscp_schedule_republish_date":"","_wpscppro_advance_schedule":false,"_wpscppro_advance_schedule_date":"","_wpscppro_dont_share_socialmedia":false,"_wpscppro_custom_social_share_image":0,"_facebook_share_type":"","_twitter_share_type":"","_linkedin_share_type":"","_pinterest_share_type":"","_linkedin_share_type_page":"","_instagram_share_type":"","_medium_share_type":"","_threads_share_type":"","_google_business_share_type":"","_selected_social_profile":[],"_wpsp_enable_custom_social_template":false,"_wpsp_social_scheduling":{"enabled":false,"datetime":null,"platforms":[],"status":"template_only","dateOption":"today","timeOption":"now","customDays":"","customHours":"","customDate":"","customTime":"","schedulingType":"absolute"},"_wpsp_active_default_template":true},"class_list":["post-5181","page","type-page","status-publish","hentry"],"acf":[],"yoast_head":"<!-- This site is optimized with the Yoast SEO plugin v27.3 - https:\/\/yoast.com\/product\/yoast-seo-wordpress\/ -->\n<title>Sustainability - Compa\u00f1\u00eda de Tranv\u00edas de La Coru\u00f1a<\/title>\n<meta name=\"robots\" content=\"index, follow, max-snippet:-1, max-image-preview:large, max-video-preview:-1\" \/>\n<link rel=\"canonical\" href=\"https:\/\/staging.tranviascoruna.com\/en\/sustainability\/\" \/>\n<meta property=\"og:locale\" content=\"en_US\" \/>\n<meta property=\"og:type\" content=\"article\" \/>\n<meta property=\"og:title\" content=\"Sustainability - Compa\u00f1\u00eda de Tranv\u00edas de La Coru\u00f1a\" \/>\n<meta property=\"og:description\" content=\"Sustainability Respect for the environment Our activity is based on a philosophy that includes care for the environment, sustainable mobility and the application of universal accessibility systems in our entire fleet. Sustainability We are fully aware of the importance of the environment for our future, and are therefore committed to providing services based on values&hellip;\" \/>\n<meta property=\"og:url\" content=\"https:\/\/staging.tranviascoruna.com\/en\/sustainability\/\" \/>\n<meta property=\"og:site_name\" content=\"Compa\u00f1\u00eda de Tranv\u00edas de La Coru\u00f1a\" \/>\n<meta property=\"article:modified_time\" content=\"2023-06-20T09:43:05+00:00\" \/>\n<meta property=\"og:image\" content=\"https:\/\/staging.tranviascoruna.com\/wp-content\/uploads\/2021\/12\/IMG_2390_edit-min.jpg\" \/>\n<meta name=\"twitter:card\" content=\"summary_large_image\" \/>\n<meta name=\"twitter:label1\" content=\"Est. reading time\" \/>\n\t<meta name=\"twitter:data1\" content=\"1 minute\" \/>\n<script type=\"application\/ld+json\" class=\"yoast-schema-graph\">{\"@context\":\"https:\\\/\\\/schema.org\",\"@graph\":[{\"@type\":\"WebPage\",\"@id\":\"https:\\\/\\\/staging.tranviascoruna.com\\\/en\\\/sustainability\\\/\",\"url\":\"https:\\\/\\\/staging.tranviascoruna.com\\\/en\\\/sustainability\\\/\",\"name\":\"Sustainability - Compa\u00f1\u00eda de Tranv\u00edas de La Coru\u00f1a\",\"isPartOf\":{\"@id\":\"https:\\\/\\\/staging.tranviascoruna.com\\\/#website\"},\"primaryImageOfPage\":{\"@id\":\"https:\\\/\\\/staging.tranviascoruna.com\\\/en\\\/sustainability\\\/#primaryimage\"},\"image\":{\"@id\":\"https:\\\/\\\/staging.tranviascoruna.com\\\/en\\\/sustainability\\\/#primaryimage\"},\"thumbnailUrl\":\"https:\\\/\\\/staging.tranviascoruna.com\\\/wp-content\\\/uploads\\\/2021\\\/12\\\/IMG_2390_edit-min.jpg\",\"datePublished\":\"2022-01-03T12:47:57+00:00\",\"dateModified\":\"2023-06-20T09:43:05+00:00\",\"breadcrumb\":{\"@id\":\"https:\\\/\\\/staging.tranviascoruna.com\\\/en\\\/sustainability\\\/#breadcrumb\"},\"inLanguage\":\"en-US\",\"potentialAction\":[{\"@type\":\"ReadAction\",\"target\":[\"https:\\\/\\\/staging.tranviascoruna.com\\\/en\\\/sustainability\\\/\"]}]},{\"@type\":\"ImageObject\",\"inLanguage\":\"en-US\",\"@id\":\"https:\\\/\\\/staging.tranviascoruna.com\\\/en\\\/sustainability\\\/#primaryimage\",\"url\":\"https:\\\/\\\/staging.tranviascoruna.com\\\/wp-content\\\/uploads\\\/2021\\\/12\\\/IMG_2390_edit-min.jpg\",\"contentUrl\":\"https:\\\/\\\/staging.tranviascoruna.com\\\/wp-content\\\/uploads\\\/2021\\\/12\\\/IMG_2390_edit-min.jpg\"},{\"@type\":\"BreadcrumbList\",\"@id\":\"https:\\\/\\\/staging.tranviascoruna.com\\\/en\\\/sustainability\\\/#breadcrumb\",\"itemListElement\":[{\"@type\":\"ListItem\",\"position\":1,\"name\":\"Home\",\"item\":\"https:\\\/\\\/staging.tranviascoruna.com\\\/\"},{\"@type\":\"ListItem\",\"position\":2,\"name\":\"Sustainability\"}]},{\"@type\":\"WebSite\",\"@id\":\"https:\\\/\\\/staging.tranviascoruna.com\\\/#website\",\"url\":\"https:\\\/\\\/staging.tranviascoruna.com\\\/\",\"name\":\"Compa\u00f1\u00eda de Tranv\u00edas de La Coru\u00f1a\",\"description\":\"Compa\u00f1\u00eda de Tranv\u00edas de La Coru\u00f1a\",\"publisher\":{\"@id\":\"https:\\\/\\\/staging.tranviascoruna.com\\\/#organization\"},\"potentialAction\":[{\"@type\":\"SearchAction\",\"target\":{\"@type\":\"EntryPoint\",\"urlTemplate\":\"https:\\\/\\\/staging.tranviascoruna.com\\\/?s={search_term_string}\"},\"query-input\":{\"@type\":\"PropertyValueSpecification\",\"valueRequired\":true,\"valueName\":\"search_term_string\"}}],\"inLanguage\":\"en-US\"},{\"@type\":\"Organization\",\"@id\":\"https:\\\/\\\/staging.tranviascoruna.com\\\/#organization\",\"name\":\"Compa\u00f1\u00eda de Tranv\u00edas de La Coru\u00f1a\",\"url\":\"https:\\\/\\\/staging.tranviascoruna.com\\\/\",\"logo\":{\"@type\":\"ImageObject\",\"inLanguage\":\"en-US\",\"@id\":\"https:\\\/\\\/staging.tranviascoruna.com\\\/#\\\/schema\\\/logo\\\/image\\\/\",\"url\":\"https:\\\/\\\/staging.tranviascoruna.com\\\/wp-content\\\/uploads\\\/2026\\\/04\\\/TranviasCorunaLogo.png\",\"contentUrl\":\"https:\\\/\\\/staging.tranviascoruna.com\\\/wp-content\\\/uploads\\\/2026\\\/04\\\/TranviasCorunaLogo.png\",\"width\":163,\"height\":38,\"caption\":\"Compa\u00f1\u00eda de Tranv\u00edas de La Coru\u00f1a\"},\"image\":{\"@id\":\"https:\\\/\\\/staging.tranviascoruna.com\\\/#\\\/schema\\\/logo\\\/image\\\/\"}}]}<\/script>\n<!-- \/ Yoast SEO plugin. -->","yoast_head_json":{"title":"Sustainability - Compa\u00f1\u00eda de Tranv\u00edas de La Coru\u00f1a","robots":{"index":"index","follow":"follow","max-snippet":"max-snippet:-1","max-image-preview":"max-image-preview:large","max-video-preview":"max-video-preview:-1"},"canonical":"https:\/\/staging.tranviascoruna.com\/en\/sustainability\/","og_locale":"en_US","og_type":"article","og_title":"Sustainability - Compa\u00f1\u00eda de Tranv\u00edas de La Coru\u00f1a","og_description":"Sustainability Respect for the environment Our activity is based on a philosophy that includes care for the environment, sustainable mobility and the application of universal accessibility systems in our entire fleet. Sustainability We are fully aware of the importance of the environment for our future, and are therefore committed to providing services based on values&hellip;","og_url":"https:\/\/staging.tranviascoruna.com\/en\/sustainability\/","og_site_name":"Compa\u00f1\u00eda de Tranv\u00edas de La Coru\u00f1a","article_modified_time":"2023-06-20T09:43:05+00:00","og_image":[{"url":"https:\/\/staging.tranviascoruna.com\/wp-content\/uploads\/2021\/12\/IMG_2390_edit-min.jpg","type":"","width":"","height":""}],"twitter_card":"summary_large_image","twitter_misc":{"Est. reading time":"1 minute"},"schema":{"@context":"https:\/\/schema.org","@graph":[{"@type":"WebPage","@id":"https:\/\/staging.tranviascoruna.com\/en\/sustainability\/","url":"https:\/\/staging.tranviascoruna.com\/en\/sustainability\/","name":"Sustainability - Compa\u00f1\u00eda de Tranv\u00edas de La Coru\u00f1a","isPartOf":{"@id":"https:\/\/staging.tranviascoruna.com\/#website"},"primaryImageOfPage":{"@id":"https:\/\/staging.tranviascoruna.com\/en\/sustainability\/#primaryimage"},"image":{"@id":"https:\/\/staging.tranviascoruna.com\/en\/sustainability\/#primaryimage"},"thumbnailUrl":"https:\/\/staging.tranviascoruna.com\/wp-content\/uploads\/2021\/12\/IMG_2390_edit-min.jpg","datePublished":"2022-01-03T12:47:57+00:00","dateModified":"2023-06-20T09:43:05+00:00","breadcrumb":{"@id":"https:\/\/staging.tranviascoruna.com\/en\/sustainability\/#breadcrumb"},"inLanguage":"en-US","potentialAction":[{"@type":"ReadAction","target":["https:\/\/staging.tranviascoruna.com\/en\/sustainability\/"]}]},{"@type":"ImageObject","inLanguage":"en-US","@id":"https:\/\/staging.tranviascoruna.com\/en\/sustainability\/#primaryimage","url":"https:\/\/staging.tranviascoruna.com\/wp-content\/uploads\/2021\/12\/IMG_2390_edit-min.jpg","contentUrl":"https:\/\/staging.tranviascoruna.com\/wp-content\/uploads\/2021\/12\/IMG_2390_edit-min.jpg"},{"@type":"BreadcrumbList","@id":"https:\/\/staging.tranviascoruna.com\/en\/sustainability\/#breadcrumb","itemListElement":[{"@type":"ListItem","position":1,"name":"Home","item":"https:\/\/staging.tranviascoruna.com\/"},{"@type":"ListItem","position":2,"name":"Sustainability"}]},{"@type":"WebSite","@id":"https:\/\/staging.tranviascoruna.com\/#website","url":"https:\/\/staging.tranviascoruna.com\/","name":"Compa\u00f1\u00eda de Tranv\u00edas de La Coru\u00f1a","description":"Compa\u00f1\u00eda de Tranv\u00edas de La Coru\u00f1a","publisher":{"@id":"https:\/\/staging.tranviascoruna.com\/#organization"},"potentialAction":[{"@type":"SearchAction","target":{"@type":"EntryPoint","urlTemplate":"https:\/\/staging.tranviascoruna.com\/?s={search_term_string}"},"query-input":{"@type":"PropertyValueSpecification","valueRequired":true,"valueName":"search_term_string"}}],"inLanguage":"en-US"},{"@type":"Organization","@id":"https:\/\/staging.tranviascoruna.com\/#organization","name":"Compa\u00f1\u00eda de Tranv\u00edas de La Coru\u00f1a","url":"https:\/\/staging.tranviascoruna.com\/","logo":{"@type":"ImageObject","inLanguage":"en-US","@id":"https:\/\/staging.tranviascoruna.com\/#\/schema\/logo\/image\/","url":"https:\/\/staging.tranviascoruna.com\/wp-content\/uploads\/2026\/04\/TranviasCorunaLogo.png","contentUrl":"https:\/\/staging.tranviascoruna.com\/wp-content\/uploads\/2026\/04\/TranviasCorunaLogo.png","width":163,"height":38,"caption":"Compa\u00f1\u00eda de Tranv\u00edas de La Coru\u00f1a"},"image":{"@id":"https:\/\/staging.tranviascoruna.com\/#\/schema\/logo\/image\/"}}]}},"_links":{"self":[{"href":"https:\/\/staging.tranviascoruna.com\/en\/wp-json\/wp\/v2\/pages\/5181","targetHints":{"allow":["GET"]}}],"collection":[{"href":"https:\/\/staging.tranviascoruna.com\/en\/wp-json\/wp\/v2\/pages"}],"about":[{"href":"https:\/\/staging.tranviascoruna.com\/en\/wp-json\/wp\/v2\/types\/page"}],"author":[{"embeddable":true,"href":"https:\/\/staging.tranviascoruna.com\/en\/wp-json\/wp\/v2\/users\/8"}],"replies":[{"embeddable":true,"href":"https:\/\/staging.tranviascoruna.com\/en\/wp-json\/wp\/v2\/comments?post=5181"}],"version-history":[{"count":6,"href":"https:\/\/staging.tranviascoruna.com\/en\/wp-json\/wp\/v2\/pages\/5181\/revisions"}],"predecessor-version":[{"id":6532,"href":"https:\/\/staging.tranviascoruna.com\/en\/wp-json\/wp\/v2\/pages\/5181\/revisions\/6532"}],"wp:attachment":[{"href":"https:\/\/staging.tranviascoruna.com\/en\/wp-json\/wp\/v2\/media?parent=5181"}],"curies":[{"name":"wp","href":"https:\/\/api.w.org\/{rel}","templated":true}]}}