{"id":3177,"date":"2013-09-02T06:36:59","date_gmt":"2013-09-02T06:36:59","guid":{"rendered":"https:\/\/staging.tranviascoruna.com\/legal-notice\/"},"modified":"2022-02-14T12:52:12","modified_gmt":"2022-02-14T11:52:12","slug":"legal-notice","status":"publish","type":"page","link":"https:\/\/staging.tranviascoruna.com\/en\/legal-notice\/","title":{"rendered":"Legal notice"},"content":{"rendered":"\t\t<div data-elementor-type=\"wp-page\" data-elementor-id=\"3177\" class=\"elementor elementor-3177 elementor-750\" data-elementor-post-type=\"page\">\n\t\t\t\t\t\t<section class=\"elementor-section elementor-top-section elementor-element elementor-element-4839e89 elementor-section-boxed elementor-section-height-default elementor-section-height-default\" data-id=\"4839e89\" data-element_type=\"section\" data-e-type=\"section\">\n\t\t\t\t\t\t<div class=\"elementor-container elementor-column-gap-default\">\n\t\t\t\t\t<div class=\"elementor-column elementor-col-100 elementor-top-column elementor-element elementor-element-fc4f686\" data-id=\"fc4f686\" data-element_type=\"column\" data-e-type=\"column\">\n\t\t\t<div class=\"elementor-widget-wrap elementor-element-populated\">\n\t\t\t\t\t\t<div class=\"elementor-element elementor-element-b2eb6c0 elementor-widget elementor-widget-heading\" data-id=\"b2eb6c0\" data-element_type=\"widget\" data-e-type=\"widget\" data-widget_type=\"heading.default\">\n\t\t\t\t<div class=\"elementor-widget-container\">\n\t\t\t\t\t<p class=\"elementor-heading-title elementor-size-default\">Legal texts<\/p>\t\t\t\t<\/div>\n\t\t\t\t<\/div>\n\t\t\t\t<div class=\"elementor-element elementor-element-50f62c3 elementor-widget elementor-widget-heading\" data-id=\"50f62c3\" data-element_type=\"widget\" data-e-type=\"widget\" data-widget_type=\"heading.default\">\n\t\t\t\t<div class=\"elementor-widget-container\">\n\t\t\t\t\t<h2 class=\"elementor-heading-title elementor-size-default\">Legal notice<\/h2>\t\t\t\t<\/div>\n\t\t\t\t<\/div>\n\t\t\t\t\t<\/div>\n\t\t<\/div>\n\t\t\t\t\t<\/div>\n\t\t<\/section>\n\t\t\t\t<section class=\"elementor-section elementor-top-section elementor-element elementor-element-bf68b7a elementor-section-boxed elementor-section-height-default elementor-section-height-default\" data-id=\"bf68b7a\" data-element_type=\"section\" data-e-type=\"section\">\n\t\t\t\t\t\t<div class=\"elementor-container elementor-column-gap-default\">\n\t\t\t\t\t<div class=\"elementor-column elementor-col-100 elementor-top-column elementor-element elementor-element-73808de\" data-id=\"73808de\" data-element_type=\"column\" data-e-type=\"column\">\n\t\t\t<div class=\"elementor-widget-wrap elementor-element-populated\">\n\t\t\t\t\t\t<div class=\"elementor-element elementor-element-dc48102 elementor-widget elementor-widget-heading\" data-id=\"dc48102\" data-element_type=\"widget\" data-e-type=\"widget\" data-widget_type=\"heading.default\">\n\t\t\t\t<div class=\"elementor-widget-container\">\n\t\t\t\t\t<h3 class=\"elementor-heading-title elementor-size-default\">General Information\n\n<\/h3>\t\t\t\t<\/div>\n\t\t\t\t<\/div>\n\t\t\t\t<div class=\"elementor-element elementor-element-efc97c8 elementor-widget elementor-widget-text-editor\" data-id=\"efc97c8\" data-element_type=\"widget\" data-e-type=\"widget\" data-widget_type=\"text-editor.default\">\n\t\t\t\t<div class=\"elementor-widget-container\">\n\t\t\t\t\t\t\t\t\t<p>Compa\u00f1\u00eda de Tranv\u00edas de La Coru\u00f1a, S.A., hereinafter Compa\u00f1\u00eda de Tranv\u00edas, holder of Spanish Tax ID No. (NIF) A 15.000.227, is the owner of the domains staging.tranviascoruna.com and tranviascoruna.es. It is included on the Companies Registry of A Coru\u00f1a, under entry No. 1, on sheet number C-2274, page 139, Volume 892 of its Archives under the General Section. Compa\u00f1\u00eda de Tranv\u00edas may be contacted via the following means:<br \/>Tel: + 34 981 250100<br \/>Fax: + 34 981 253016<br \/>email: correo@staging.tranviascoruna.com<br \/>Address: Carretera Fuertes, n\u00ba 4, CP.- 15.011, A Coru\u00f1a.<br \/>In order to guarantee that use of the website complies with the criteria of transparency, clarity and ease of use, Compa\u00f1\u00eda de Tranv\u00edas hereby informs users that all suggestions, queries or enquiries regarding this Legal Notice or any other information documents included on the website shall be received and resolved via the following email address: correo@staging.tranviascoruna.com.<\/p>\t\t\t\t\t\t\t\t<\/div>\n\t\t\t\t<\/div>\n\t\t\t\t<div class=\"elementor-element elementor-element-5d1476d elementor-widget elementor-widget-heading\" data-id=\"5d1476d\" data-element_type=\"widget\" data-e-type=\"widget\" data-widget_type=\"heading.default\">\n\t\t\t\t<div class=\"elementor-widget-container\">\n\t\t\t\t\t<h3 class=\"elementor-heading-title elementor-size-default\">Intellectual Property\n<\/h3>\t\t\t\t<\/div>\n\t\t\t\t<\/div>\n\t\t\t\t<div class=\"elementor-element elementor-element-5b00e1d elementor-widget elementor-widget-text-editor\" data-id=\"5b00e1d\" data-element_type=\"widget\" data-e-type=\"widget\" data-widget_type=\"text-editor.default\">\n\t\t\t\t<div class=\"elementor-widget-container\">\n\t\t\t\t\t\t\t\t\tAll contents featured on this website, with particular reference to the designs, copy, images, logos, icons, tradenames, brands or any other information susceptible to industrial and\/or commercial use, are protected by the corresponding copyrights, and no information may therefore be reproduced, transferred or registered without the specific prior consent of their owner, Compa\u00f1\u00eda de Tranv\u00edas. Notwithstanding the above, users may use the information provided for the purpose of processing their orders and the corresponding contact details.\n\n\t\t\t\t\t\t\t\t<\/div>\n\t\t\t\t<\/div>\n\t\t\t\t<div class=\"elementor-element elementor-element-e9673dd elementor-widget elementor-widget-heading\" data-id=\"e9673dd\" data-element_type=\"widget\" data-e-type=\"widget\" data-widget_type=\"heading.default\">\n\t\t\t\t<div class=\"elementor-widget-container\">\n\t\t\t\t\t<h3 class=\"elementor-heading-title elementor-size-default\">Links<\/h3>\t\t\t\t<\/div>\n\t\t\t\t<\/div>\n\t\t\t\t<div class=\"elementor-element elementor-element-e8c478b elementor-widget elementor-widget-text-editor\" data-id=\"e8c478b\" data-element_type=\"widget\" data-e-type=\"widget\" data-widget_type=\"text-editor.default\">\n\t\t\t\t<div class=\"elementor-widget-container\">\n\t\t\t\t\t\t\t\t\tCompa\u00f1\u00eda de Tranv\u00edas accepts no responsibility for the links to other websites or pages that may be included therein, as it has no control over the aforementioned websites and pages. Users therefore access said contents under their sole responsibility and the terms and conditions stipulated therein.\n\n\t\t\t\t\t\t\t\t<\/div>\n\t\t\t\t<\/div>\n\t\t\t\t<div class=\"elementor-element elementor-element-723e3ee elementor-widget elementor-widget-heading\" data-id=\"723e3ee\" data-element_type=\"widget\" data-e-type=\"widget\" data-widget_type=\"heading.default\">\n\t\t\t\t<div class=\"elementor-widget-container\">\n\t\t\t\t\t<h3 class=\"elementor-heading-title elementor-size-default\">Terms and Conditions of Use\n<\/h3>\t\t\t\t<\/div>\n\t\t\t\t<\/div>\n\t\t\t\t<div class=\"elementor-element elementor-element-f8d5c6c elementor-widget elementor-widget-text-editor\" data-id=\"f8d5c6c\" data-element_type=\"widget\" data-e-type=\"widget\" data-widget_type=\"text-editor.default\">\n\t\t\t\t<div class=\"elementor-widget-container\">\n\t\t\t\t\t\t\t\t\t<p>The access and use of the website of Compa\u00f1\u00eda de Tranv\u00edas is subject to these general conditions. The access and use of the website further imply the full, unreserved acceptance of these general conditions.<\/p><p>1. All of the contents of the websites of Compa\u00f1\u00eda de Tranv\u00edas (including but not limited to photographs, illustrations, texts, audio files, video, software, designs and logotypes) are subject to Intellectual and\/or Industrial Property regulations. The rights to the contents correspond to the Compa\u00f1\u00eda de Tranv\u00edas de La Coru\u00f1a, S.A. or otherwise to third parties, where applicable. Under no circumstances does accessing the website of Compa\u00f1\u00eda de Tranv\u00edas imply any transfer, transmission, or any type of waiver, either wholly or in part, of these Intellectual and\/or Industrial Property rights.<br \/>2. Neither shall the accessing of these websites result in any type of right regarding, for example, the exploitation, transformation, decompilation, distribution, or public communication of the contents, except without the prior written authorisation of Compa\u00f1\u00eda de Tranv\u00edas de La Coru\u00f1a, S.A. or the third party owners of these rights. Users may only view and obtain a private copy of the contents, providing any such copy is solely and exclusively for their personal and private use, with any use for commercial purposes being expressly prohibited.<br \/>3. Users may not, under any circumstances, modify or remove the identification details that may exist referring to the rights of Compa\u00f1\u00eda de Tranv\u00edas de La Coru\u00f1a, S.A. or any third parties in relation to the contents. Users may only access the contents by way of the methods or procedures provided for this purpose on the website of Compa\u00f1\u00eda de Tranv\u00edas or which are normally used on the Internet for this purpose, providing these do not imply any infringement of Intellectual Property rights or any type of harm to the website of Compa\u00f1\u00eda de Tranv\u00edas, and\/or the information and services offered.<br \/>4. Any use that may be made of the information and contents shown on the website of Compa\u00f1\u00eda de Tranv\u00edas and\/or from accessing other websites belonging to third parties through the links shown on the website of Compa\u00f1\u00eda de Tranv\u00edas is made at the exclusive liability of the persons performing these actions, without Compa\u00f1\u00eda de Tranv\u00edas de La Coru\u00f1a, S.A. being liable in any event for any harm or damage that may arise as a result of any such use or activities.<br \/>5. Users agree to use the information and services shown on the website of Compa\u00f1\u00eda de Tranv\u00edas in accordance with legal requirements, these general conditions, and with accepted morals, good conduct and public order.<br \/>6. Compa\u00f1\u00eda de Tranv\u00edas does not accept any liability for any harm or damage caused to the user\u2019s software or hardware arising as a result of accessing the website of Compa\u00f1\u00eda de Tranv\u00edas or from the use of the information or applications contained therein.<br \/>7. Compa\u00f1\u00eda de Tranv\u00edas reserves the right, without any prior notification and at any time, to temporarily suspend access to its website and to make any such modifications it may consider necessary to the site, the services and information it contains, the presentation or location of the same, and the conditions of access and use for the website of Compa\u00f1\u00eda de Tranv\u00edas.<br \/>8. Compa\u00f1\u00eda de Tranv\u00edas does not guarantee that the contents of its website are suitable or available outside of Spain. In the event of all or any of the contents of the website of Compa\u00f1\u00eda de Tranv\u00edas being considered illegal in countries other than Spain, access to the same and their use by users is prohibited, and in the event of this occurring, any such use shall be the sole liability of the user, who shall be obliged to comply with applicable national legislation.<br \/>9. All matters arising in relation to the website of Compa\u00f1\u00eda de Tranv\u00edas shall be governed in accordance with Spanish legislation and subject to the jurisdiction of the Courts and Tribunals of the city of A Coru\u00f1a, with any parties involved waiving their right to any other jurisdiction that may correspond to them.<br \/>10. Data use during browsing. The cookies used by Compa\u00f1\u00eda de Tranv\u00edas on its website www.staging.tranviascoruna.com are only used to keep the user\u2019s session open, which means that these cookies are only used to associate a session with an anonymous user in order to provide them the service they have request. These cookies are stored on the user\u2019s hard disk in order to automatically identify them in future sessions.<\/p>\t\t\t\t\t\t\t\t<\/div>\n\t\t\t\t<\/div>\n\t\t\t\t\t<\/div>\n\t\t<\/div>\n\t\t\t\t\t<\/div>\n\t\t<\/section>\n\t\t\t\t<\/div>\n\t\t","protected":false},"excerpt":{"rendered":"<p>Legal texts General Information Compa\u00f1\u00eda de Tranv\u00edas de La Coru\u00f1a, S.A., hereinafter Compa\u00f1\u00eda de Tranv\u00edas, holder of Spanish Tax ID No. (NIF) A 15.000.227, is the owner of the domains staging.tranviascoruna.com and tranviascoruna.es. It is included on the Companies Registry of A Coru\u00f1a, under entry No. 1, on sheet number C-2274, page 139, Volume 892&hellip;<\/p>\n","protected":false},"author":1,"featured_media":0,"parent":0,"menu_order":0,"comment_status":"open","ping_status":"closed","template":"elementor_header_footer","meta":{"_acf_changed":false,"footnotes":"","_wpscp_schedule_draft_date":"","_wpscp_schedule_republish_date":"","_wpscppro_advance_schedule":false,"_wpscppro_advance_schedule_date":"","_wpscppro_dont_share_socialmedia":false,"_wpscppro_custom_social_share_image":0,"_facebook_share_type":"","_twitter_share_type":"","_linkedin_share_type":"","_pinterest_share_type":"","_linkedin_share_type_page":"","_instagram_share_type":"","_medium_share_type":"","_threads_share_type":"","_google_business_share_type":"","_selected_social_profile":[],"_wpsp_enable_custom_social_template":false,"_wpsp_social_scheduling":{"enabled":false,"datetime":null,"platforms":[],"status":"template_only","dateOption":"today","timeOption":"now","customDays":"","customHours":"","customDate":"","customTime":"","schedulingType":"absolute"},"_wpsp_active_default_template":true},"class_list":["post-3177","page","type-page","status-publish","hentry"],"acf":[],"yoast_head":"<!-- This site is optimized with the Yoast SEO plugin v27.3 - https:\/\/yoast.com\/product\/yoast-seo-wordpress\/ -->\n<title>Legal notice - Compa\u00f1\u00eda de Tranv\u00edas de La Coru\u00f1a<\/title>\n<meta name=\"robots\" content=\"index, follow, max-snippet:-1, max-image-preview:large, max-video-preview:-1\" \/>\n<link rel=\"canonical\" href=\"https:\/\/staging.tranviascoruna.com\/en\/legal-notice\/\" \/>\n<meta property=\"og:locale\" content=\"en_US\" \/>\n<meta property=\"og:type\" content=\"article\" \/>\n<meta property=\"og:title\" content=\"Legal notice - Compa\u00f1\u00eda de Tranv\u00edas de La Coru\u00f1a\" \/>\n<meta property=\"og:description\" content=\"Legal texts General Information Compa\u00f1\u00eda de Tranv\u00edas de La Coru\u00f1a, S.A., hereinafter Compa\u00f1\u00eda de Tranv\u00edas, holder of Spanish Tax ID No. (NIF) A 15.000.227, is the owner of the domains staging.tranviascoruna.com and tranviascoruna.es. It is included on the Companies Registry of A Coru\u00f1a, under entry No. 1, on sheet number C-2274, page 139, Volume 892&hellip;\" \/>\n<meta property=\"og:url\" content=\"https:\/\/staging.tranviascoruna.com\/en\/legal-notice\/\" \/>\n<meta property=\"og:site_name\" content=\"Compa\u00f1\u00eda de Tranv\u00edas de La Coru\u00f1a\" \/>\n<meta property=\"article:modified_time\" content=\"2022-02-14T11:52:12+00:00\" \/>\n<meta name=\"twitter:card\" content=\"summary_large_image\" \/>\n<meta name=\"twitter:label1\" content=\"Est. reading time\" \/>\n\t<meta name=\"twitter:data1\" content=\"5 minutes\" \/>\n<script type=\"application\/ld+json\" class=\"yoast-schema-graph\">{\"@context\":\"https:\\\/\\\/schema.org\",\"@graph\":[{\"@type\":\"WebPage\",\"@id\":\"https:\\\/\\\/staging.tranviascoruna.com\\\/en\\\/legal-notice\\\/\",\"url\":\"https:\\\/\\\/staging.tranviascoruna.com\\\/en\\\/legal-notice\\\/\",\"name\":\"Legal notice - Compa\u00f1\u00eda de Tranv\u00edas de La Coru\u00f1a\",\"isPartOf\":{\"@id\":\"https:\\\/\\\/staging.tranviascoruna.com\\\/#website\"},\"datePublished\":\"2013-09-02T06:36:59+00:00\",\"dateModified\":\"2022-02-14T11:52:12+00:00\",\"breadcrumb\":{\"@id\":\"https:\\\/\\\/staging.tranviascoruna.com\\\/en\\\/legal-notice\\\/#breadcrumb\"},\"inLanguage\":\"en-US\",\"potentialAction\":[{\"@type\":\"ReadAction\",\"target\":[\"https:\\\/\\\/staging.tranviascoruna.com\\\/en\\\/legal-notice\\\/\"]}]},{\"@type\":\"BreadcrumbList\",\"@id\":\"https:\\\/\\\/staging.tranviascoruna.com\\\/en\\\/legal-notice\\\/#breadcrumb\",\"itemListElement\":[{\"@type\":\"ListItem\",\"position\":1,\"name\":\"Home\",\"item\":\"https:\\\/\\\/staging.tranviascoruna.com\\\/\"},{\"@type\":\"ListItem\",\"position\":2,\"name\":\"Legal notice\"}]},{\"@type\":\"WebSite\",\"@id\":\"https:\\\/\\\/staging.tranviascoruna.com\\\/#website\",\"url\":\"https:\\\/\\\/staging.tranviascoruna.com\\\/\",\"name\":\"Compa\u00f1\u00eda de Tranv\u00edas de La Coru\u00f1a\",\"description\":\"Compa\u00f1\u00eda de Tranv\u00edas de La Coru\u00f1a\",\"publisher\":{\"@id\":\"https:\\\/\\\/staging.tranviascoruna.com\\\/#organization\"},\"potentialAction\":[{\"@type\":\"SearchAction\",\"target\":{\"@type\":\"EntryPoint\",\"urlTemplate\":\"https:\\\/\\\/staging.tranviascoruna.com\\\/?s={search_term_string}\"},\"query-input\":{\"@type\":\"PropertyValueSpecification\",\"valueRequired\":true,\"valueName\":\"search_term_string\"}}],\"inLanguage\":\"en-US\"},{\"@type\":\"Organization\",\"@id\":\"https:\\\/\\\/staging.tranviascoruna.com\\\/#organization\",\"name\":\"Compa\u00f1\u00eda de Tranv\u00edas de La Coru\u00f1a\",\"url\":\"https:\\\/\\\/staging.tranviascoruna.com\\\/\",\"logo\":{\"@type\":\"ImageObject\",\"inLanguage\":\"en-US\",\"@id\":\"https:\\\/\\\/staging.tranviascoruna.com\\\/#\\\/schema\\\/logo\\\/image\\\/\",\"url\":\"https:\\\/\\\/staging.tranviascoruna.com\\\/wp-content\\\/uploads\\\/2026\\\/04\\\/TranviasCorunaLogo.png\",\"contentUrl\":\"https:\\\/\\\/staging.tranviascoruna.com\\\/wp-content\\\/uploads\\\/2026\\\/04\\\/TranviasCorunaLogo.png\",\"width\":163,\"height\":38,\"caption\":\"Compa\u00f1\u00eda de Tranv\u00edas de La Coru\u00f1a\"},\"image\":{\"@id\":\"https:\\\/\\\/staging.tranviascoruna.com\\\/#\\\/schema\\\/logo\\\/image\\\/\"}}]}<\/script>\n<!-- \/ Yoast SEO plugin. -->","yoast_head_json":{"title":"Legal notice - Compa\u00f1\u00eda de Tranv\u00edas de La Coru\u00f1a","robots":{"index":"index","follow":"follow","max-snippet":"max-snippet:-1","max-image-preview":"max-image-preview:large","max-video-preview":"max-video-preview:-1"},"canonical":"https:\/\/staging.tranviascoruna.com\/en\/legal-notice\/","og_locale":"en_US","og_type":"article","og_title":"Legal notice - Compa\u00f1\u00eda de Tranv\u00edas de La Coru\u00f1a","og_description":"Legal texts General Information Compa\u00f1\u00eda de Tranv\u00edas de La Coru\u00f1a, S.A., hereinafter Compa\u00f1\u00eda de Tranv\u00edas, holder of Spanish Tax ID No. (NIF) A 15.000.227, is the owner of the domains staging.tranviascoruna.com and tranviascoruna.es. It is included on the Companies Registry of A Coru\u00f1a, under entry No. 1, on sheet number C-2274, page 139, Volume 892&hellip;","og_url":"https:\/\/staging.tranviascoruna.com\/en\/legal-notice\/","og_site_name":"Compa\u00f1\u00eda de Tranv\u00edas de La Coru\u00f1a","article_modified_time":"2022-02-14T11:52:12+00:00","twitter_card":"summary_large_image","twitter_misc":{"Est. reading time":"5 minutes"},"schema":{"@context":"https:\/\/schema.org","@graph":[{"@type":"WebPage","@id":"https:\/\/staging.tranviascoruna.com\/en\/legal-notice\/","url":"https:\/\/staging.tranviascoruna.com\/en\/legal-notice\/","name":"Legal notice - Compa\u00f1\u00eda de Tranv\u00edas de La Coru\u00f1a","isPartOf":{"@id":"https:\/\/staging.tranviascoruna.com\/#website"},"datePublished":"2013-09-02T06:36:59+00:00","dateModified":"2022-02-14T11:52:12+00:00","breadcrumb":{"@id":"https:\/\/staging.tranviascoruna.com\/en\/legal-notice\/#breadcrumb"},"inLanguage":"en-US","potentialAction":[{"@type":"ReadAction","target":["https:\/\/staging.tranviascoruna.com\/en\/legal-notice\/"]}]},{"@type":"BreadcrumbList","@id":"https:\/\/staging.tranviascoruna.com\/en\/legal-notice\/#breadcrumb","itemListElement":[{"@type":"ListItem","position":1,"name":"Home","item":"https:\/\/staging.tranviascoruna.com\/"},{"@type":"ListItem","position":2,"name":"Legal notice"}]},{"@type":"WebSite","@id":"https:\/\/staging.tranviascoruna.com\/#website","url":"https:\/\/staging.tranviascoruna.com\/","name":"Compa\u00f1\u00eda de Tranv\u00edas de La Coru\u00f1a","description":"Compa\u00f1\u00eda de Tranv\u00edas de La Coru\u00f1a","publisher":{"@id":"https:\/\/staging.tranviascoruna.com\/#organization"},"potentialAction":[{"@type":"SearchAction","target":{"@type":"EntryPoint","urlTemplate":"https:\/\/staging.tranviascoruna.com\/?s={search_term_string}"},"query-input":{"@type":"PropertyValueSpecification","valueRequired":true,"valueName":"search_term_string"}}],"inLanguage":"en-US"},{"@type":"Organization","@id":"https:\/\/staging.tranviascoruna.com\/#organization","name":"Compa\u00f1\u00eda de Tranv\u00edas de La Coru\u00f1a","url":"https:\/\/staging.tranviascoruna.com\/","logo":{"@type":"ImageObject","inLanguage":"en-US","@id":"https:\/\/staging.tranviascoruna.com\/#\/schema\/logo\/image\/","url":"https:\/\/staging.tranviascoruna.com\/wp-content\/uploads\/2026\/04\/TranviasCorunaLogo.png","contentUrl":"https:\/\/staging.tranviascoruna.com\/wp-content\/uploads\/2026\/04\/TranviasCorunaLogo.png","width":163,"height":38,"caption":"Compa\u00f1\u00eda de Tranv\u00edas de La Coru\u00f1a"},"image":{"@id":"https:\/\/staging.tranviascoruna.com\/#\/schema\/logo\/image\/"}}]}},"_links":{"self":[{"href":"https:\/\/staging.tranviascoruna.com\/en\/wp-json\/wp\/v2\/pages\/3177","targetHints":{"allow":["GET"]}}],"collection":[{"href":"https:\/\/staging.tranviascoruna.com\/en\/wp-json\/wp\/v2\/pages"}],"about":[{"href":"https:\/\/staging.tranviascoruna.com\/en\/wp-json\/wp\/v2\/types\/page"}],"author":[{"embeddable":true,"href":"https:\/\/staging.tranviascoruna.com\/en\/wp-json\/wp\/v2\/users\/1"}],"replies":[{"embeddable":true,"href":"https:\/\/staging.tranviascoruna.com\/en\/wp-json\/wp\/v2\/comments?post=3177"}],"version-history":[{"count":0,"href":"https:\/\/staging.tranviascoruna.com\/en\/wp-json\/wp\/v2\/pages\/3177\/revisions"}],"wp:attachment":[{"href":"https:\/\/staging.tranviascoruna.com\/en\/wp-json\/wp\/v2\/media?parent=3177"}],"curies":[{"name":"wp","href":"https:\/\/api.w.org\/{rel}","templated":true}]}}