{"id":3085,"date":"2013-08-20T07:40:54","date_gmt":"2013-08-20T07:40:54","guid":{"rendered":"https:\/\/staging.tranviascoruna.com\/when-is-my-bus-coming\/"},"modified":"2022-02-14T16:53:08","modified_gmt":"2022-02-14T15:53:08","slug":"when-is-my-bus-coming","status":"publish","type":"page","link":"https:\/\/staging.tranviascoruna.com\/en\/when-is-my-bus-coming\/","title":{"rendered":"When is my bus coming"},"content":{"rendered":"\t\t<div data-elementor-type=\"wp-page\" data-elementor-id=\"3085\" class=\"elementor elementor-3085 elementor-590\" data-elementor-post-type=\"page\">\n\t\t\t\t\t\t<section class=\"elementor-section elementor-top-section elementor-element elementor-element-78126e7 tarifas-bonos elementor-section-boxed elementor-section-height-default elementor-section-height-default\" data-id=\"78126e7\" data-element_type=\"section\" data-e-type=\"section\">\n\t\t\t\t\t\t<div class=\"elementor-container elementor-column-gap-default\">\n\t\t\t\t\t<div class=\"elementor-column elementor-col-100 elementor-top-column elementor-element elementor-element-c191b47\" data-id=\"c191b47\" data-element_type=\"column\" data-e-type=\"column\">\n\t\t\t<div class=\"elementor-widget-wrap elementor-element-populated\">\n\t\t\t\t\t\t<div class=\"elementor-element elementor-element-94f3d45 elementor-widget elementor-widget-heading\" data-id=\"94f3d45\" data-element_type=\"widget\" data-e-type=\"widget\" data-widget_type=\"heading.default\">\n\t\t\t\t<div class=\"elementor-widget-container\">\n\t\t\t\t\t<p class=\"elementor-heading-title elementor-size-default\">My Bus<\/p>\t\t\t\t<\/div>\n\t\t\t\t<\/div>\n\t\t\t\t<div class=\"elementor-element elementor-element-22eae4e elementor-widget elementor-widget-heading\" data-id=\"22eae4e\" data-element_type=\"widget\" data-e-type=\"widget\" data-widget_type=\"heading.default\">\n\t\t\t\t<div class=\"elementor-widget-container\">\n\t\t\t\t\t<h2 class=\"elementor-heading-title elementor-size-default\">When is my bus coming<\/h2>\t\t\t\t<\/div>\n\t\t\t\t<\/div>\n\t\t\t\t\t<\/div>\n\t\t<\/div>\n\t\t\t\t\t<\/div>\n\t\t<\/section>\n\t\t\t\t<section class=\"elementor-section elementor-top-section elementor-element elementor-element-15cc2809 elementor-section-boxed elementor-section-height-default elementor-section-height-default\" data-id=\"15cc2809\" data-element_type=\"section\" data-e-type=\"section\">\n\t\t\t\t\t\t<div class=\"elementor-container elementor-column-gap-default\">\n\t\t\t\t\t<div class=\"elementor-column elementor-col-100 elementor-top-column elementor-element elementor-element-4f803942\" data-id=\"4f803942\" data-element_type=\"column\" data-e-type=\"column\">\n\t\t\t<div class=\"elementor-widget-wrap elementor-element-populated\">\n\t\t\t\t\t\t<div class=\"elementor-element elementor-element-63cf2924 elementor-widget elementor-widget-text-editor\" data-id=\"63cf2924\" data-element_type=\"widget\" data-e-type=\"widget\" data-widget_type=\"text-editor.default\">\n\t\t\t\t<div class=\"elementor-widget-container\">\n\t\t\t\t\t\t\t\t\t<iframe style=\"width: 100%; height: 502px; border: none\" src=\"https:\/\/itranvias.com\/\" height=\"240\" width=\"320\"><\/iframe>\t\t\t\t\t\t\t\t<\/div>\n\t\t\t\t<\/div>\n\t\t\t\t\t<\/div>\n\t\t<\/div>\n\t\t\t\t\t<\/div>\n\t\t<\/section>\n\t\t\t\t<section class=\"elementor-section elementor-top-section elementor-element elementor-element-671bfe7 elementor-section-content-middle elementor-section-boxed elementor-section-height-default elementor-section-height-default\" data-id=\"671bfe7\" data-element_type=\"section\" data-e-type=\"section\" data-settings=\"{&quot;background_background&quot;:&quot;classic&quot;}\">\n\t\t\t\t\t\t\t<div class=\"elementor-background-overlay\"><\/div>\n\t\t\t\t\t\t\t<div class=\"elementor-container elementor-column-gap-default\">\n\t\t\t\t\t<div class=\"elementor-column elementor-col-50 elementor-top-column elementor-element elementor-element-3c804f6\" data-id=\"3c804f6\" data-element_type=\"column\" data-e-type=\"column\">\n\t\t\t<div class=\"elementor-widget-wrap elementor-element-populated\">\n\t\t\t\t\t\t<div class=\"elementor-element elementor-element-739b2e5 elementor-widget elementor-widget-heading\" data-id=\"739b2e5\" data-element_type=\"widget\" data-e-type=\"widget\" data-widget_type=\"heading.default\">\n\t\t\t\t<div class=\"elementor-widget-container\">\n\t\t\t\t\t<h2 class=\"elementor-heading-title elementor-size-default\">Download iTranvias App Mobile<\/h2>\t\t\t\t<\/div>\n\t\t\t\t<\/div>\n\t\t\t\t<div class=\"elementor-element elementor-element-152214b elementor-widget elementor-widget-text-editor\" data-id=\"152214b\" data-element_type=\"widget\" data-e-type=\"widget\" data-widget_type=\"text-editor.default\">\n\t\t\t\t<div class=\"elementor-widget-container\">\n\t\t\t\t\t\t\t\t\t<p>Check your buses wherever and whenever you want.<\/p>\t\t\t\t\t\t\t\t<\/div>\n\t\t\t\t<\/div>\n\t\t\t\t<div class=\"elementor-element elementor-element-081f04d elementor-widget__width-initial elementor-widget-tablet__width-initial elementor-widget elementor-widget-text-editor\" data-id=\"081f04d\" data-element_type=\"widget\" data-e-type=\"widget\" data-widget_type=\"text-editor.default\">\n\t\t\t\t<div class=\"elementor-widget-container\">\n\t\t\t\t\t\t\t\t\t<p>The definitive App to move around A Coru\u00f1a. Plan your trips and avoid waiting, with all the information about lines, prices and transfers.<\/p>\t\t\t\t\t\t\t\t<\/div>\n\t\t\t\t<\/div>\n\t\t\t\t<section class=\"elementor-section elementor-inner-section elementor-element elementor-element-24f01c7 elementor-section-boxed elementor-section-height-default elementor-section-height-default\" data-id=\"24f01c7\" data-element_type=\"section\" data-e-type=\"section\">\n\t\t\t\t\t\t<div class=\"elementor-container elementor-column-gap-default\">\n\t\t\t\t\t<div class=\"elementor-column elementor-col-33 elementor-inner-column elementor-element elementor-element-7d21f6a\" data-id=\"7d21f6a\" data-element_type=\"column\" data-e-type=\"column\">\n\t\t\t<div class=\"elementor-widget-wrap elementor-element-populated\">\n\t\t\t\t\t\t<div class=\"elementor-element elementor-element-af434be elementor-widget elementor-widget-image\" data-id=\"af434be\" data-element_type=\"widget\" data-e-type=\"widget\" data-widget_type=\"image.default\">\n\t\t\t\t<div class=\"elementor-widget-container\">\n\t\t\t\t\t\t\t\t\t\t\t\t\t\t\t\t<a href=\"https:\/\/play.google.com\/store\/apps\/details?id=itranvias.sistemasolton&#038;hl=es\" target=\"_blank\">\n\t\t\t\t\t\t\t<img decoding=\"async\" width=\"159\" height=\"47\" src=\"https:\/\/staging.tranviascoruna.com\/wp-content\/uploads\/2021\/12\/ic_google_play.png\" class=\"attachment-full size-full wp-image-4744\" alt=\"\" \/>\t\t\t\t\t\t\t\t<\/a>\n\t\t\t\t\t\t\t\t\t\t\t\t\t\t\t<\/div>\n\t\t\t\t<\/div>\n\t\t\t\t\t<\/div>\n\t\t<\/div>\n\t\t\t\t<div class=\"elementor-column elementor-col-33 elementor-inner-column elementor-element elementor-element-1a4f5d9\" data-id=\"1a4f5d9\" data-element_type=\"column\" data-e-type=\"column\">\n\t\t\t<div class=\"elementor-widget-wrap elementor-element-populated\">\n\t\t\t\t\t\t<div class=\"elementor-element elementor-element-acf05c3 elementor-widget elementor-widget-image\" data-id=\"acf05c3\" data-element_type=\"widget\" data-e-type=\"widget\" data-widget_type=\"image.default\">\n\t\t\t\t<div class=\"elementor-widget-container\">\n\t\t\t\t\t\t\t\t\t\t\t\t\t\t\t\t<a href=\"https:\/\/apps.apple.com\/app\/id876315471\">\n\t\t\t\t\t\t\t<img decoding=\"async\" width=\"159\" height=\"47\" src=\"https:\/\/staging.tranviascoruna.com\/wp-content\/uploads\/2021\/12\/ic_google_play_12.png\" class=\"attachment-full size-full wp-image-4751\" alt=\"\" \/>\t\t\t\t\t\t\t\t<\/a>\n\t\t\t\t\t\t\t\t\t\t\t\t\t\t\t<\/div>\n\t\t\t\t<\/div>\n\t\t\t\t\t<\/div>\n\t\t<\/div>\n\t\t\t\t<div class=\"elementor-column elementor-col-33 elementor-inner-column elementor-element elementor-element-7d657d9\" data-id=\"7d657d9\" data-element_type=\"column\" data-e-type=\"column\">\n\t\t\t<div class=\"elementor-widget-wrap\">\n\t\t\t\t\t\t\t<\/div>\n\t\t<\/div>\n\t\t\t\t\t<\/div>\n\t\t<\/section>\n\t\t\t\t\t<\/div>\n\t\t<\/div>\n\t\t\t\t<div class=\"elementor-column elementor-col-50 elementor-top-column elementor-element elementor-element-415d0d2\" data-id=\"415d0d2\" data-element_type=\"column\" data-e-type=\"column\" data-settings=\"{&quot;background_background&quot;:&quot;classic&quot;}\">\n\t\t\t<div class=\"elementor-widget-wrap elementor-element-populated\">\n\t\t\t\t\t\t<div class=\"elementor-element elementor-element-73cb829 elementor-widget elementor-widget-spacer\" data-id=\"73cb829\" data-element_type=\"widget\" data-e-type=\"widget\" data-widget_type=\"spacer.default\">\n\t\t\t\t<div class=\"elementor-widget-container\">\n\t\t\t\t\t\t\t<div class=\"elementor-spacer\">\n\t\t\t<div class=\"elementor-spacer-inner\"><\/div>\n\t\t<\/div>\n\t\t\t\t\t\t<\/div>\n\t\t\t\t<\/div>\n\t\t\t\t\t<\/div>\n\t\t<\/div>\n\t\t\t\t\t<\/div>\n\t\t<\/section>\n\t\t\t\t<\/div>\n\t\t","protected":false},"excerpt":{"rendered":"<p>My Bus When is my bus coming Download iTranvias App Mobile Check your buses wherever and whenever you want. The definitive App to move around A Coru\u00f1a. Plan your trips and avoid waiting, with all the information about lines, prices and transfers.<\/p>\n","protected":false},"author":1,"featured_media":0,"parent":0,"menu_order":0,"comment_status":"open","ping_status":"closed","template":"elementor_header_footer","meta":{"_acf_changed":false,"footnotes":"","_wpscp_schedule_draft_date":"","_wpscp_schedule_republish_date":"","_wpscppro_advance_schedule":false,"_wpscppro_advance_schedule_date":"","_wpscppro_dont_share_socialmedia":false,"_wpscppro_custom_social_share_image":0,"_facebook_share_type":"","_twitter_share_type":"","_linkedin_share_type":"","_pinterest_share_type":"","_linkedin_share_type_page":"","_instagram_share_type":"","_medium_share_type":"","_threads_share_type":"","_google_business_share_type":"","_selected_social_profile":[],"_wpsp_enable_custom_social_template":false,"_wpsp_social_scheduling":{"enabled":false,"datetime":null,"platforms":[],"status":"template_only","dateOption":"today","timeOption":"now","customDays":"","customHours":"","customDate":"","customTime":"","schedulingType":"absolute"},"_wpsp_active_default_template":true},"class_list":["post-3085","page","type-page","status-publish","hentry"],"acf":[],"yoast_head":"<!-- This site is optimized with the Yoast SEO plugin v27.3 - https:\/\/yoast.com\/product\/yoast-seo-wordpress\/ -->\n<title>When is my bus coming - Compa\u00f1\u00eda de Tranv\u00edas de La Coru\u00f1a<\/title>\n<meta name=\"robots\" content=\"index, follow, max-snippet:-1, max-image-preview:large, max-video-preview:-1\" \/>\n<link rel=\"canonical\" href=\"https:\/\/staging.tranviascoruna.com\/en\/when-is-my-bus-coming\/\" \/>\n<meta property=\"og:locale\" content=\"en_US\" \/>\n<meta property=\"og:type\" content=\"article\" \/>\n<meta property=\"og:title\" content=\"When is my bus coming - Compa\u00f1\u00eda de Tranv\u00edas de La Coru\u00f1a\" \/>\n<meta property=\"og:description\" content=\"My Bus When is my bus coming Download iTranvias App Mobile Check your buses wherever and whenever you want. The definitive App to move around A Coru\u00f1a. Plan your trips and avoid waiting, with all the information about lines, prices and transfers.\" \/>\n<meta property=\"og:url\" content=\"https:\/\/staging.tranviascoruna.com\/en\/when-is-my-bus-coming\/\" \/>\n<meta property=\"og:site_name\" content=\"Compa\u00f1\u00eda de Tranv\u00edas de La Coru\u00f1a\" \/>\n<meta property=\"article:modified_time\" content=\"2022-02-14T15:53:08+00:00\" \/>\n<meta property=\"og:image\" content=\"https:\/\/staging.tranviascoruna.com\/wp-content\/uploads\/2021\/12\/ic_google_play.png\" \/>\n<meta name=\"twitter:card\" content=\"summary_large_image\" \/>\n<meta name=\"twitter:label1\" content=\"Est. reading time\" \/>\n\t<meta name=\"twitter:data1\" content=\"1 minute\" \/>\n<script type=\"application\/ld+json\" class=\"yoast-schema-graph\">{\"@context\":\"https:\\\/\\\/schema.org\",\"@graph\":[{\"@type\":\"WebPage\",\"@id\":\"https:\\\/\\\/staging.tranviascoruna.com\\\/en\\\/when-is-my-bus-coming\\\/\",\"url\":\"https:\\\/\\\/staging.tranviascoruna.com\\\/en\\\/when-is-my-bus-coming\\\/\",\"name\":\"When is my bus coming - Compa\u00f1\u00eda de Tranv\u00edas de La Coru\u00f1a\",\"isPartOf\":{\"@id\":\"https:\\\/\\\/staging.tranviascoruna.com\\\/#website\"},\"primaryImageOfPage\":{\"@id\":\"https:\\\/\\\/staging.tranviascoruna.com\\\/en\\\/when-is-my-bus-coming\\\/#primaryimage\"},\"image\":{\"@id\":\"https:\\\/\\\/staging.tranviascoruna.com\\\/en\\\/when-is-my-bus-coming\\\/#primaryimage\"},\"thumbnailUrl\":\"https:\\\/\\\/staging.tranviascoruna.com\\\/wp-content\\\/uploads\\\/2021\\\/12\\\/ic_google_play.png\",\"datePublished\":\"2013-08-20T07:40:54+00:00\",\"dateModified\":\"2022-02-14T15:53:08+00:00\",\"breadcrumb\":{\"@id\":\"https:\\\/\\\/staging.tranviascoruna.com\\\/en\\\/when-is-my-bus-coming\\\/#breadcrumb\"},\"inLanguage\":\"en-US\",\"potentialAction\":[{\"@type\":\"ReadAction\",\"target\":[\"https:\\\/\\\/staging.tranviascoruna.com\\\/en\\\/when-is-my-bus-coming\\\/\"]}]},{\"@type\":\"ImageObject\",\"inLanguage\":\"en-US\",\"@id\":\"https:\\\/\\\/staging.tranviascoruna.com\\\/en\\\/when-is-my-bus-coming\\\/#primaryimage\",\"url\":\"https:\\\/\\\/staging.tranviascoruna.com\\\/wp-content\\\/uploads\\\/2021\\\/12\\\/ic_google_play.png\",\"contentUrl\":\"https:\\\/\\\/staging.tranviascoruna.com\\\/wp-content\\\/uploads\\\/2021\\\/12\\\/ic_google_play.png\"},{\"@type\":\"BreadcrumbList\",\"@id\":\"https:\\\/\\\/staging.tranviascoruna.com\\\/en\\\/when-is-my-bus-coming\\\/#breadcrumb\",\"itemListElement\":[{\"@type\":\"ListItem\",\"position\":1,\"name\":\"Home\",\"item\":\"https:\\\/\\\/staging.tranviascoruna.com\\\/\"},{\"@type\":\"ListItem\",\"position\":2,\"name\":\"When is my bus coming\"}]},{\"@type\":\"WebSite\",\"@id\":\"https:\\\/\\\/staging.tranviascoruna.com\\\/#website\",\"url\":\"https:\\\/\\\/staging.tranviascoruna.com\\\/\",\"name\":\"Compa\u00f1\u00eda de Tranv\u00edas de La Coru\u00f1a\",\"description\":\"Compa\u00f1\u00eda de Tranv\u00edas de La Coru\u00f1a\",\"publisher\":{\"@id\":\"https:\\\/\\\/staging.tranviascoruna.com\\\/#organization\"},\"potentialAction\":[{\"@type\":\"SearchAction\",\"target\":{\"@type\":\"EntryPoint\",\"urlTemplate\":\"https:\\\/\\\/staging.tranviascoruna.com\\\/?s={search_term_string}\"},\"query-input\":{\"@type\":\"PropertyValueSpecification\",\"valueRequired\":true,\"valueName\":\"search_term_string\"}}],\"inLanguage\":\"en-US\"},{\"@type\":\"Organization\",\"@id\":\"https:\\\/\\\/staging.tranviascoruna.com\\\/#organization\",\"name\":\"Compa\u00f1\u00eda de Tranv\u00edas de La Coru\u00f1a\",\"url\":\"https:\\\/\\\/staging.tranviascoruna.com\\\/\",\"logo\":{\"@type\":\"ImageObject\",\"inLanguage\":\"en-US\",\"@id\":\"https:\\\/\\\/staging.tranviascoruna.com\\\/#\\\/schema\\\/logo\\\/image\\\/\",\"url\":\"https:\\\/\\\/staging.tranviascoruna.com\\\/wp-content\\\/uploads\\\/2026\\\/04\\\/TranviasCorunaLogo.png\",\"contentUrl\":\"https:\\\/\\\/staging.tranviascoruna.com\\\/wp-content\\\/uploads\\\/2026\\\/04\\\/TranviasCorunaLogo.png\",\"width\":163,\"height\":38,\"caption\":\"Compa\u00f1\u00eda de Tranv\u00edas de La Coru\u00f1a\"},\"image\":{\"@id\":\"https:\\\/\\\/staging.tranviascoruna.com\\\/#\\\/schema\\\/logo\\\/image\\\/\"}}]}<\/script>\n<!-- \/ Yoast SEO plugin. -->","yoast_head_json":{"title":"When is my bus coming - Compa\u00f1\u00eda de Tranv\u00edas de La Coru\u00f1a","robots":{"index":"index","follow":"follow","max-snippet":"max-snippet:-1","max-image-preview":"max-image-preview:large","max-video-preview":"max-video-preview:-1"},"canonical":"https:\/\/staging.tranviascoruna.com\/en\/when-is-my-bus-coming\/","og_locale":"en_US","og_type":"article","og_title":"When is my bus coming - Compa\u00f1\u00eda de Tranv\u00edas de La Coru\u00f1a","og_description":"My Bus When is my bus coming Download iTranvias App Mobile Check your buses wherever and whenever you want. The definitive App to move around A Coru\u00f1a. Plan your trips and avoid waiting, with all the information about lines, prices and transfers.","og_url":"https:\/\/staging.tranviascoruna.com\/en\/when-is-my-bus-coming\/","og_site_name":"Compa\u00f1\u00eda de Tranv\u00edas de La Coru\u00f1a","article_modified_time":"2022-02-14T15:53:08+00:00","og_image":[{"url":"https:\/\/staging.tranviascoruna.com\/wp-content\/uploads\/2021\/12\/ic_google_play.png","type":"","width":"","height":""}],"twitter_card":"summary_large_image","twitter_misc":{"Est. reading time":"1 minute"},"schema":{"@context":"https:\/\/schema.org","@graph":[{"@type":"WebPage","@id":"https:\/\/staging.tranviascoruna.com\/en\/when-is-my-bus-coming\/","url":"https:\/\/staging.tranviascoruna.com\/en\/when-is-my-bus-coming\/","name":"When is my bus coming - Compa\u00f1\u00eda de Tranv\u00edas de La Coru\u00f1a","isPartOf":{"@id":"https:\/\/staging.tranviascoruna.com\/#website"},"primaryImageOfPage":{"@id":"https:\/\/staging.tranviascoruna.com\/en\/when-is-my-bus-coming\/#primaryimage"},"image":{"@id":"https:\/\/staging.tranviascoruna.com\/en\/when-is-my-bus-coming\/#primaryimage"},"thumbnailUrl":"https:\/\/staging.tranviascoruna.com\/wp-content\/uploads\/2021\/12\/ic_google_play.png","datePublished":"2013-08-20T07:40:54+00:00","dateModified":"2022-02-14T15:53:08+00:00","breadcrumb":{"@id":"https:\/\/staging.tranviascoruna.com\/en\/when-is-my-bus-coming\/#breadcrumb"},"inLanguage":"en-US","potentialAction":[{"@type":"ReadAction","target":["https:\/\/staging.tranviascoruna.com\/en\/when-is-my-bus-coming\/"]}]},{"@type":"ImageObject","inLanguage":"en-US","@id":"https:\/\/staging.tranviascoruna.com\/en\/when-is-my-bus-coming\/#primaryimage","url":"https:\/\/staging.tranviascoruna.com\/wp-content\/uploads\/2021\/12\/ic_google_play.png","contentUrl":"https:\/\/staging.tranviascoruna.com\/wp-content\/uploads\/2021\/12\/ic_google_play.png"},{"@type":"BreadcrumbList","@id":"https:\/\/staging.tranviascoruna.com\/en\/when-is-my-bus-coming\/#breadcrumb","itemListElement":[{"@type":"ListItem","position":1,"name":"Home","item":"https:\/\/staging.tranviascoruna.com\/"},{"@type":"ListItem","position":2,"name":"When is my bus coming"}]},{"@type":"WebSite","@id":"https:\/\/staging.tranviascoruna.com\/#website","url":"https:\/\/staging.tranviascoruna.com\/","name":"Compa\u00f1\u00eda de Tranv\u00edas de La Coru\u00f1a","description":"Compa\u00f1\u00eda de Tranv\u00edas de La Coru\u00f1a","publisher":{"@id":"https:\/\/staging.tranviascoruna.com\/#organization"},"potentialAction":[{"@type":"SearchAction","target":{"@type":"EntryPoint","urlTemplate":"https:\/\/staging.tranviascoruna.com\/?s={search_term_string}"},"query-input":{"@type":"PropertyValueSpecification","valueRequired":true,"valueName":"search_term_string"}}],"inLanguage":"en-US"},{"@type":"Organization","@id":"https:\/\/staging.tranviascoruna.com\/#organization","name":"Compa\u00f1\u00eda de Tranv\u00edas de La Coru\u00f1a","url":"https:\/\/staging.tranviascoruna.com\/","logo":{"@type":"ImageObject","inLanguage":"en-US","@id":"https:\/\/staging.tranviascoruna.com\/#\/schema\/logo\/image\/","url":"https:\/\/staging.tranviascoruna.com\/wp-content\/uploads\/2026\/04\/TranviasCorunaLogo.png","contentUrl":"https:\/\/staging.tranviascoruna.com\/wp-content\/uploads\/2026\/04\/TranviasCorunaLogo.png","width":163,"height":38,"caption":"Compa\u00f1\u00eda de Tranv\u00edas de La Coru\u00f1a"},"image":{"@id":"https:\/\/staging.tranviascoruna.com\/#\/schema\/logo\/image\/"}}]}},"_links":{"self":[{"href":"https:\/\/staging.tranviascoruna.com\/en\/wp-json\/wp\/v2\/pages\/3085","targetHints":{"allow":["GET"]}}],"collection":[{"href":"https:\/\/staging.tranviascoruna.com\/en\/wp-json\/wp\/v2\/pages"}],"about":[{"href":"https:\/\/staging.tranviascoruna.com\/en\/wp-json\/wp\/v2\/types\/page"}],"author":[{"embeddable":true,"href":"https:\/\/staging.tranviascoruna.com\/en\/wp-json\/wp\/v2\/users\/1"}],"replies":[{"embeddable":true,"href":"https:\/\/staging.tranviascoruna.com\/en\/wp-json\/wp\/v2\/comments?post=3085"}],"version-history":[{"count":0,"href":"https:\/\/staging.tranviascoruna.com\/en\/wp-json\/wp\/v2\/pages\/3085\/revisions"}],"wp:attachment":[{"href":"https:\/\/staging.tranviascoruna.com\/en\/wp-json\/wp\/v2\/media?parent=3085"}],"curies":[{"name":"wp","href":"https:\/\/api.w.org\/{rel}","templated":true}]}}